{"id":504,"date":"2020-10-15T08:03:05","date_gmt":"2020-10-15T06:03:05","guid":{"rendered":"http:\/\/creixenti.com\/hombre\/"},"modified":"2025-05-30T13:36:52","modified_gmt":"2025-05-30T11:36:52","slug":"hombre","status":"publish","type":"page","link":"https:\/\/creixenti.com\/es\/","title":{"rendered":"Inicio"},"content":{"rendered":"","protected":false},"excerpt":{"rendered":"","protected":false},"author":1,"featured_media":0,"parent":0,"menu_order":0,"comment_status":"open","ping_status":"closed","template":"","meta":{"footnotes":""},"class_list":["post-504","page","type-page","status-publish","hentry"],"yoast_head":"<!-- This site is optimized with the Yoast SEO plugin v25.1 - https:\/\/yoast.com\/wordpress\/plugins\/seo\/ -->\n<title>Inicio - Creixenti \u2013 Experts en fontaneria, electricitat i climatitzaci\u00f3 a Batea i Terra Alta<\/title>\n<meta name=\"description\" content=\"Soluciones integrales para el hogar y empresa: fontaner\u00eda, electricidad, climatizaci\u00f3n, calefacci\u00f3n, dom\u00f3tica y m\u00e1s. Servicio profesional en Batea y Terra Alta. \u00a1Pide presupuesto!\" \/>\n<meta name=\"robots\" content=\"index, follow, max-snippet:-1, max-image-preview:large, max-video-preview:-1\" \/>\n<link rel=\"canonical\" href=\"https:\/\/creixenti.com\/es\/hombre\/\" \/>\n<meta property=\"og:locale\" content=\"es_ES\" \/>\n<meta property=\"og:type\" content=\"article\" \/>\n<meta property=\"og:title\" content=\"Inicio - Creixenti \u2013 Experts en fontaneria, electricitat i climatitzaci\u00f3 a Batea i Terra Alta\" \/>\n<meta property=\"og:description\" content=\"Soluciones integrales para el hogar y empresa: fontaner\u00eda, electricidad, climatizaci\u00f3n, calefacci\u00f3n, dom\u00f3tica y m\u00e1s. Servicio profesional en Batea y Terra Alta. \u00a1Pide presupuesto!\" \/>\n<meta property=\"og:url\" content=\"https:\/\/creixenti.com\/es\/hombre\/\" \/>\n<meta property=\"og:site_name\" content=\"Creixenti \u2013 Experts en fontaneria, electricitat i climatitzaci\u00f3 a Batea i Terra Alta\" \/>\n<meta property=\"article:modified_time\" content=\"2025-05-30T11:36:52+00:00\" \/>\n<meta name=\"twitter:card\" content=\"summary_large_image\" \/>\n<script type=\"application\/ld+json\" class=\"yoast-schema-graph\">{\"@context\":\"https:\/\/schema.org\",\"@graph\":[{\"@type\":\"WebPage\",\"@id\":\"https:\/\/creixenti.com\/es\/hombre\/\",\"url\":\"https:\/\/creixenti.com\/es\/hombre\/\",\"name\":\"Inicio - Creixenti \u2013 Experts en fontaneria, electricitat i climatitzaci\u00f3 a Batea i Terra Alta\",\"isPartOf\":{\"@id\":\"https:\/\/creixenti.com\/#website\"},\"datePublished\":\"2020-10-15T06:03:05+00:00\",\"dateModified\":\"2025-05-30T11:36:52+00:00\",\"description\":\"Soluciones integrales para el hogar y empresa: fontaner\u00eda, electricidad, climatizaci\u00f3n, calefacci\u00f3n, dom\u00f3tica y m\u00e1s. Servicio profesional en Batea y Terra Alta. \u00a1Pide presupuesto!\",\"breadcrumb\":{\"@id\":\"https:\/\/creixenti.com\/es\/hombre\/#breadcrumb\"},\"inLanguage\":\"es\",\"potentialAction\":[{\"@type\":\"ReadAction\",\"target\":[\"https:\/\/creixenti.com\/es\/hombre\/\"]}]},{\"@type\":\"BreadcrumbList\",\"@id\":\"https:\/\/creixenti.com\/es\/hombre\/#breadcrumb\",\"itemListElement\":[{\"@type\":\"ListItem\",\"position\":1,\"name\":\"Inici\",\"item\":\"https:\/\/creixenti.com\/es\/hombre\/\"},{\"@type\":\"ListItem\",\"position\":2,\"name\":\"Inicio\"}]},{\"@type\":\"WebSite\",\"@id\":\"https:\/\/creixenti.com\/#website\",\"url\":\"https:\/\/creixenti.com\/\",\"name\":\"creixenti\",\"description\":\"\",\"potentialAction\":[{\"@type\":\"SearchAction\",\"target\":{\"@type\":\"EntryPoint\",\"urlTemplate\":\"https:\/\/creixenti.com\/?s={search_term_string}\"},\"query-input\":{\"@type\":\"PropertyValueSpecification\",\"valueRequired\":true,\"valueName\":\"search_term_string\"}}],\"inLanguage\":\"es\"}]}<\/script>\n<!-- \/ Yoast SEO plugin. -->","yoast_head_json":{"title":"Inicio - Creixenti \u2013 Experts en fontaneria, electricitat i climatitzaci\u00f3 a Batea i Terra Alta","description":"Soluciones integrales para el hogar y empresa: fontaner\u00eda, electricidad, climatizaci\u00f3n, calefacci\u00f3n, dom\u00f3tica y m\u00e1s. Servicio profesional en Batea y Terra Alta. \u00a1Pide presupuesto!","robots":{"index":"index","follow":"follow","max-snippet":"max-snippet:-1","max-image-preview":"max-image-preview:large","max-video-preview":"max-video-preview:-1"},"canonical":"https:\/\/creixenti.com\/es\/hombre\/","og_locale":"es_ES","og_type":"article","og_title":"Inicio - Creixenti \u2013 Experts en fontaneria, electricitat i climatitzaci\u00f3 a Batea i Terra Alta","og_description":"Soluciones integrales para el hogar y empresa: fontaner\u00eda, electricidad, climatizaci\u00f3n, calefacci\u00f3n, dom\u00f3tica y m\u00e1s. Servicio profesional en Batea y Terra Alta. \u00a1Pide presupuesto!","og_url":"https:\/\/creixenti.com\/es\/hombre\/","og_site_name":"Creixenti \u2013 Experts en fontaneria, electricitat i climatitzaci\u00f3 a Batea i Terra Alta","article_modified_time":"2025-05-30T11:36:52+00:00","twitter_card":"summary_large_image","schema":{"@context":"https:\/\/schema.org","@graph":[{"@type":"WebPage","@id":"https:\/\/creixenti.com\/es\/hombre\/","url":"https:\/\/creixenti.com\/es\/hombre\/","name":"Inicio - Creixenti \u2013 Experts en fontaneria, electricitat i climatitzaci\u00f3 a Batea i Terra Alta","isPartOf":{"@id":"https:\/\/creixenti.com\/#website"},"datePublished":"2020-10-15T06:03:05+00:00","dateModified":"2025-05-30T11:36:52+00:00","description":"Soluciones integrales para el hogar y empresa: fontaner\u00eda, electricidad, climatizaci\u00f3n, calefacci\u00f3n, dom\u00f3tica y m\u00e1s. Servicio profesional en Batea y Terra Alta. \u00a1Pide presupuesto!","breadcrumb":{"@id":"https:\/\/creixenti.com\/es\/hombre\/#breadcrumb"},"inLanguage":"es","potentialAction":[{"@type":"ReadAction","target":["https:\/\/creixenti.com\/es\/hombre\/"]}]},{"@type":"BreadcrumbList","@id":"https:\/\/creixenti.com\/es\/hombre\/#breadcrumb","itemListElement":[{"@type":"ListItem","position":1,"name":"Inici","item":"https:\/\/creixenti.com\/es\/hombre\/"},{"@type":"ListItem","position":2,"name":"Inicio"}]},{"@type":"WebSite","@id":"https:\/\/creixenti.com\/#website","url":"https:\/\/creixenti.com\/","name":"creixenti","description":"","potentialAction":[{"@type":"SearchAction","target":{"@type":"EntryPoint","urlTemplate":"https:\/\/creixenti.com\/?s={search_term_string}"},"query-input":{"@type":"PropertyValueSpecification","valueRequired":true,"valueName":"search_term_string"}}],"inLanguage":"es"}]}},"_links":{"self":[{"href":"https:\/\/creixenti.com\/es\/wp-json\/wp\/v2\/pages\/504","targetHints":{"allow":["GET"]}}],"collection":[{"href":"https:\/\/creixenti.com\/es\/wp-json\/wp\/v2\/pages"}],"about":[{"href":"https:\/\/creixenti.com\/es\/wp-json\/wp\/v2\/types\/page"}],"author":[{"embeddable":true,"href":"https:\/\/creixenti.com\/es\/wp-json\/wp\/v2\/users\/1"}],"replies":[{"embeddable":true,"href":"https:\/\/creixenti.com\/es\/wp-json\/wp\/v2\/comments?post=504"}],"version-history":[{"count":2,"href":"https:\/\/creixenti.com\/es\/wp-json\/wp\/v2\/pages\/504\/revisions"}],"predecessor-version":[{"id":564,"href":"https:\/\/creixenti.com\/es\/wp-json\/wp\/v2\/pages\/504\/revisions\/564"}],"wp:attachment":[{"href":"https:\/\/creixenti.com\/es\/wp-json\/wp\/v2\/media?parent=504"}],"curies":[{"name":"wp","href":"https:\/\/api.w.org\/{rel}","templated":true}]}}